{"id":6,"date":"2024-09-24T14:50:44","date_gmt":"2024-09-24T14:50:44","guid":{"rendered":"https:\/\/ivan-moreno.com\/?page_id=6"},"modified":"2025-08-14T20:28:39","modified_gmt":"2025-08-14T20:28:39","slug":"inicio","status":"publish","type":"page","link":"https:\/\/ivan-moreno.com\/","title":{"rendered":"Inicio"},"content":{"rendered":"\t\t<div data-elementor-type=\"wp-page\" data-elementor-id=\"6\" class=\"elementor elementor-6\" data-elementor-post-type=\"page\">\n\t\t\t\t<div class=\"elementor-element elementor-element-19994ba e-flex e-con-boxed e-con e-parent\" data-id=\"19994ba\" data-element_type=\"container\">\n\t\t\t\t\t<div class=\"e-con-inner\">\n\t\t\t\t<div class=\"elementor-element elementor-element-68c0e8e elementor-widget elementor-widget-heading\" data-id=\"68c0e8e\" data-element_type=\"widget\" data-widget_type=\"heading.default\">\n\t\t\t\t<div class=\"elementor-widget-container\">\n\t\t\t\t\t<h2 class=\"elementor-heading-title elementor-size-default\">Para algunas personas soy\nacad\u00e9mico. Para otras, pol\u00edmata...<\/h2>\t\t\t\t<\/div>\n\t\t\t\t<\/div>\n\t\t\t\t<div class=\"elementor-element elementor-element-ce40a58 elementor-widget elementor-widget-spacer\" data-id=\"ce40a58\" data-element_type=\"widget\" data-widget_type=\"spacer.default\">\n\t\t\t\t<div class=\"elementor-widget-container\">\n\t\t\t\t\t\t\t<div class=\"elementor-spacer\">\n\t\t\t<div class=\"elementor-spacer-inner\"><\/div>\n\t\t<\/div>\n\t\t\t\t\t\t<\/div>\n\t\t\t\t<\/div>\n\t\t\t\t<div class=\"elementor-element elementor-element-8bc6319 elementor-widget elementor-widget-text-editor\" data-id=\"8bc6319\" data-element_type=\"widget\" data-widget_type=\"text-editor.default\">\n\t\t\t\t<div class=\"elementor-widget-container\">\n\t\t\t\t\t\t\t\t\t<p>Ense\u00f1ar es mi pasi\u00f3n; compartir el conocimiento, mi misi\u00f3n<\/p>\t\t\t\t\t\t\t\t<\/div>\n\t\t\t\t<\/div>\n\t\t\t\t<div class=\"elementor-element elementor-element-1093879 elementor-align-center elementor-widget elementor-widget-button\" data-id=\"1093879\" data-element_type=\"widget\" data-widget_type=\"button.default\">\n\t\t\t\t<div class=\"elementor-widget-container\">\n\t\t\t\t\t\t\t\t\t<div class=\"elementor-button-wrapper\">\n\t\t\t\t\t<a class=\"elementor-button elementor-button-link elementor-size-sm\" href=\"#\">\n\t\t\t\t\t\t<span class=\"elementor-button-content-wrapper\">\n\t\t\t\t\t\t\t\t\t<span class=\"elementor-button-text\">Conoce mi trayectoria<\/span>\n\t\t\t\t\t<\/span>\n\t\t\t\t\t<\/a>\n\t\t\t\t<\/div>\n\t\t\t\t\t\t\t\t<\/div>\n\t\t\t\t<\/div>\n\t\t\t\t\t<\/div>\n\t\t\t\t<\/div>\n\t\t<div class=\"elementor-element elementor-element-d9a5567 e-flex e-con-boxed e-con e-parent\" data-id=\"d9a5567\" data-element_type=\"container\">\n\t\t\t\t\t<div class=\"e-con-inner\">\n\t\t\t\t<div class=\"elementor-element elementor-element-7ff5854 elementor-widget elementor-widget-image\" data-id=\"7ff5854\" data-element_type=\"widget\" data-widget_type=\"image.default\">\n\t\t\t\t<div class=\"elementor-widget-container\">\n\t\t\t\t\t\t\t\t\t\t\t\t\t\t\t<img fetchpriority=\"high\" decoding=\"async\" width=\"800\" height=\"519\" src=\"https:\/\/ivan-moreno.com\/wp-content\/uploads\/2024\/09\/Ivan-Moreno-PHD.jpg\" class=\"attachment-large size-large wp-image-188\" alt=\"\" srcset=\"https:\/\/ivan-moreno.com\/wp-content\/uploads\/2024\/09\/Ivan-Moreno-PHD.jpg 981w, https:\/\/ivan-moreno.com\/wp-content\/uploads\/2024\/09\/Ivan-Moreno-PHD-300x195.jpg 300w, https:\/\/ivan-moreno.com\/wp-content\/uploads\/2024\/09\/Ivan-Moreno-PHD-768x499.jpg 768w\" sizes=\"(max-width: 800px) 100vw, 800px\" \/>\t\t\t\t\t\t\t\t\t\t\t\t\t\t\t<\/div>\n\t\t\t\t<\/div>\n\t\t\t\t<div class=\"elementor-element elementor-element-e4b7e8a elementor-widget elementor-widget-spacer\" data-id=\"e4b7e8a\" data-element_type=\"widget\" data-widget_type=\"spacer.default\">\n\t\t\t\t<div class=\"elementor-widget-container\">\n\t\t\t\t\t\t\t<div class=\"elementor-spacer\">\n\t\t\t<div class=\"elementor-spacer-inner\"><\/div>\n\t\t<\/div>\n\t\t\t\t\t\t<\/div>\n\t\t\t\t<\/div>\n\t\t\t\t\t<\/div>\n\t\t\t\t<\/div>\n\t\t<div class=\"elementor-element elementor-element-eedef9a e-flex e-con-boxed e-con e-parent\" data-id=\"eedef9a\" data-element_type=\"container\">\n\t\t\t\t\t<div class=\"e-con-inner\">\n\t\t\t\t<div class=\"elementor-element elementor-element-3df9b6c elementor-widget elementor-widget-text-editor\" data-id=\"3df9b6c\" data-element_type=\"widget\" data-widget_type=\"text-editor.default\">\n\t\t\t\t<div class=\"elementor-widget-container\">\n\t\t\t\t\t\t\t\t\t<p>\u00bfQU\u00c9 HAGO?<\/p>\t\t\t\t\t\t\t\t<\/div>\n\t\t\t\t<\/div>\n\t\t\t\t<div class=\"elementor-element elementor-element-eb7c905 elementor-widget elementor-widget-heading\" data-id=\"eb7c905\" data-element_type=\"widget\" data-widget_type=\"heading.default\">\n\t\t\t\t<div class=\"elementor-widget-container\">\n\t\t\t\t\t<h2 class=\"elementor-heading-title elementor-size-default\">Impulso tu Crecimiento:\nConferencias, Cursos y\nSoluciones Especializadas<\/h2>\t\t\t\t<\/div>\n\t\t\t\t<\/div>\n\t\t\t\t\t<\/div>\n\t\t\t\t<\/div>\n\t\t<div class=\"elementor-element elementor-element-162cb82 e-flex e-con-boxed e-con e-parent\" data-id=\"162cb82\" data-element_type=\"container\">\n\t\t\t\t\t<div class=\"e-con-inner\">\n\t\t<div class=\"elementor-element elementor-element-bc6cdb9 e-grid e-con-full e-con e-child\" data-id=\"bc6cdb9\" data-element_type=\"container\">\n\t\t\t\t<div class=\"elementor-element elementor-element-a04ebc4 elementor-position-left elementor-widget__width-initial elementor-widget-mobile__width-inherit elementor-position-left elementor-vertical-align-middle elementor-vertical-align-top elementor-widget elementor-widget-image-box\" data-id=\"a04ebc4\" data-element_type=\"widget\" data-widget_type=\"image-box.default\">\n\t\t\t\t<div class=\"elementor-widget-container\">\n\t\t\t\t\t<div class=\"elementor-image-box-wrapper\"><figure class=\"elementor-image-box-img\"><img decoding=\"async\" width=\"156\" height=\"157\" src=\"https:\/\/ivan-moreno.com\/wp-content\/uploads\/2024\/09\/Asset-1@2x.png\" class=\"attachment-full size-full wp-image-53\" alt=\"\" srcset=\"https:\/\/ivan-moreno.com\/wp-content\/uploads\/2024\/09\/Asset-1@2x.png 156w, https:\/\/ivan-moreno.com\/wp-content\/uploads\/2024\/09\/Asset-1@2x-150x150.png 150w\" sizes=\"(max-width: 156px) 100vw, 156px\" \/><\/figure><div class=\"elementor-image-box-content\"><h3 class=\"elementor-image-box-title\">Iv\u00e1n D. Moreno Piraquive<\/h3><p class=\"elementor-image-box-description\">Doctor (Ph.D) en Dise\u00f1o Instruccional y Tecnolog\u00eda de Keiser University (USA)\n<br>\nMag\u00edster en Aplicaci\u00f3n de las Nuevas Tecnolog\u00edas en Educaci\u00f3n de la Universidad de Barcelona (Espa\u00f1a)\n<br>\nMag\u00edster en Estudios de Extensi\u00f3n en el \u00e1rea de la Religi\u00f3n de Harvard University (USA)\n<br>\nProfesional en Lenguajes y Estudios Socioculturales de la Universidad de los Andes (Colombia)<\/p><\/div><\/div>\t\t\t\t<\/div>\n\t\t\t\t<\/div>\n\t\t\t\t<div class=\"elementor-element elementor-element-2b25b19 elementor-widget elementor-widget-text-editor\" data-id=\"2b25b19\" data-element_type=\"widget\" data-widget_type=\"text-editor.default\">\n\t\t\t\t<div class=\"elementor-widget-container\">\n\t\t\t\t\t\t\t\t\t<p>Te invito a aprovechar una experiencia enriquecedora para tu desarrollo personal y profesional. Mis conferencias y charlas te proporcionar\u00e1n conocimientos valiosos y actualizados. Con mis membres\u00edas, cursos y webinars, tendr\u00e1s acceso a formaci\u00f3n especializada y recursos exclusivos que apoyar\u00e1n tu crecimiento. Adem\u00e1s, ofrezco consultor\u00edas personalizadas para alcanzar tus metas espec\u00edficas, integrando el uso de la tecnolog\u00eda y la inteligencia artificial como herramientas clave para potenciar tu desarrollo.<br \/>Mis libros complementan esta visi\u00f3n profunda. Todo est\u00e1 dise\u00f1ado para brindarte las herramientas necesarias y que avances con confianza hacia tu m\u00e1ximo potencial.<\/p>\t\t\t\t\t\t\t\t<\/div>\n\t\t\t\t<\/div>\n\t\t\t\t<\/div>\n\t\t\t\t\t<\/div>\n\t\t\t\t<\/div>\n\t\t<div class=\"elementor-element elementor-element-7379d06 e-flex e-con-boxed e-con e-parent\" data-id=\"7379d06\" data-element_type=\"container\">\n\t\t\t\t\t<div class=\"e-con-inner\">\n\t\t<div class=\"elementor-element elementor-element-bd373b5 e-con-full e-flex e-con e-child\" data-id=\"bd373b5\" data-element_type=\"container\">\n\t\t\t\t<div class=\"elementor-element elementor-element-bd268c0 elementor-widget elementor-widget-image\" data-id=\"bd268c0\" data-element_type=\"widget\" data-widget_type=\"image.default\">\n\t\t\t\t<div class=\"elementor-widget-container\">\n\t\t\t\t\t\t\t\t\t\t\t\t\t\t\t<img decoding=\"async\" width=\"471\" height=\"637\" src=\"https:\/\/ivan-moreno.com\/wp-content\/uploads\/2024\/09\/profe_1.jpg\" class=\"attachment-large size-large wp-image-93\" alt=\"\" srcset=\"https:\/\/ivan-moreno.com\/wp-content\/uploads\/2024\/09\/profe_1.jpg 471w, https:\/\/ivan-moreno.com\/wp-content\/uploads\/2024\/09\/profe_1-222x300.jpg 222w\" sizes=\"(max-width: 471px) 100vw, 471px\" \/>\t\t\t\t\t\t\t\t\t\t\t\t\t\t\t<\/div>\n\t\t\t\t<\/div>\n\t\t\t\t<\/div>\n\t\t<div class=\"elementor-element elementor-element-d98b7eb e-con-full e-flex e-con e-child\" data-id=\"d98b7eb\" data-element_type=\"container\">\n\t\t\t\t<div class=\"elementor-element elementor-element-f0a3995 elementor-widget elementor-widget-text-editor\" data-id=\"f0a3995\" data-element_type=\"widget\" data-widget_type=\"text-editor.default\">\n\t\t\t\t<div class=\"elementor-widget-container\">\n\t\t\t\t\t\t\t\t\t<p>PIENSO QUE<\/p>\t\t\t\t\t\t\t\t<\/div>\n\t\t\t\t<\/div>\n\t\t\t\t<div class=\"elementor-element elementor-element-62095d8 elementor-widget elementor-widget-heading\" data-id=\"62095d8\" data-element_type=\"widget\" data-widget_type=\"heading.default\">\n\t\t\t\t<div class=\"elementor-widget-container\">\n\t\t\t\t\t<h2 class=\"elementor-heading-title elementor-size-default\">\"El verdadero poder del\nconocimiento est\u00e1 en conectar\ndiferentes disciplinas para crear\nsoluciones innovadoras. Abre tu\nmente a nuevas \u00e1reas; explora,\naprende y aplica para transformar\ntu mundo.\"<\/h2>\t\t\t\t<\/div>\n\t\t\t\t<\/div>\n\t\t\t\t<div class=\"elementor-element elementor-element-4dc99e1 elementor-widget elementor-widget-spacer\" data-id=\"4dc99e1\" data-element_type=\"widget\" data-widget_type=\"spacer.default\">\n\t\t\t\t<div class=\"elementor-widget-container\">\n\t\t\t\t\t\t\t<div class=\"elementor-spacer\">\n\t\t\t<div class=\"elementor-spacer-inner\"><\/div>\n\t\t<\/div>\n\t\t\t\t\t\t<\/div>\n\t\t\t\t<\/div>\n\t\t\t\t<div class=\"elementor-element elementor-element-0ad4696 elementor-widget elementor-widget-image\" data-id=\"0ad4696\" data-element_type=\"widget\" data-widget_type=\"image.default\">\n\t\t\t\t<div class=\"elementor-widget-container\">\n\t\t\t\t\t\t\t\t\t\t\t\t\t\t\t<img loading=\"lazy\" decoding=\"async\" width=\"800\" height=\"519\" src=\"https:\/\/ivan-moreno.com\/wp-content\/uploads\/2024\/09\/grupo.jpg\" class=\"attachment-large size-large wp-image-94\" alt=\"\" srcset=\"https:\/\/ivan-moreno.com\/wp-content\/uploads\/2024\/09\/grupo.jpg 981w, https:\/\/ivan-moreno.com\/wp-content\/uploads\/2024\/09\/grupo-300x195.jpg 300w, https:\/\/ivan-moreno.com\/wp-content\/uploads\/2024\/09\/grupo-768x499.jpg 768w\" sizes=\"(max-width: 800px) 100vw, 800px\" \/>\t\t\t\t\t\t\t\t\t\t\t\t\t\t\t<\/div>\n\t\t\t\t<\/div>\n\t\t\t\t<\/div>\n\t\t\t\t\t<\/div>\n\t\t\t\t<\/div>\n\t\t\t\t<\/div>\n\t\t","protected":false},"excerpt":{"rendered":"<p>Para algunas personas soy acad\u00e9mico. Para otras, pol\u00edmata&#8230; Ense\u00f1ar es mi pasi\u00f3n; compartir el conocimiento, mi misi\u00f3n Conoce mi trayectoria \u00bfQU\u00c9 HAGO? Impulso tu Crecimiento: Conferencias, Cursos y Soluciones Especializadas Iv\u00e1n D. Moreno Piraquive Doctor (Ph.D) en Dise\u00f1o Instruccional y Tecnolog\u00eda de Keiser University (USA) Mag\u00edster en Aplicaci\u00f3n de las Nuevas Tecnolog\u00edas en Educaci\u00f3n de [&hellip;]<\/p>\n","protected":false},"author":1,"featured_media":0,"parent":0,"menu_order":0,"comment_status":"closed","ping_status":"closed","template":"","meta":{"footnotes":""},"class_list":["post-6","page","type-page","status-publish","hentry"],"_links":{"self":[{"href":"https:\/\/ivan-moreno.com\/index.php?rest_route=\/wp\/v2\/pages\/6","targetHints":{"allow":["GET"]}}],"collection":[{"href":"https:\/\/ivan-moreno.com\/index.php?rest_route=\/wp\/v2\/pages"}],"about":[{"href":"https:\/\/ivan-moreno.com\/index.php?rest_route=\/wp\/v2\/types\/page"}],"author":[{"embeddable":true,"href":"https:\/\/ivan-moreno.com\/index.php?rest_route=\/wp\/v2\/users\/1"}],"replies":[{"embeddable":true,"href":"https:\/\/ivan-moreno.com\/index.php?rest_route=%2Fwp%2Fv2%2Fcomments&post=6"}],"version-history":[{"count":106,"href":"https:\/\/ivan-moreno.com\/index.php?rest_route=\/wp\/v2\/pages\/6\/revisions"}],"predecessor-version":[{"id":220,"href":"https:\/\/ivan-moreno.com\/index.php?rest_route=\/wp\/v2\/pages\/6\/revisions\/220"}],"wp:attachment":[{"href":"https:\/\/ivan-moreno.com\/index.php?rest_route=%2Fwp%2Fv2%2Fmedia&parent=6"}],"curies":[{"name":"wp","href":"https:\/\/api.w.org\/{rel}","templated":true}]}}